{"id":8990,"date":"2019-07-03T19:58:13","date_gmt":"2019-07-03T19:58:13","guid":{"rendered":"https:\/\/tecfires.com\/empresa-2\/"},"modified":"2019-10-09T07:51:14","modified_gmt":"2019-10-09T07:51:14","slug":"empresa-2-3","status":"publish","type":"page","link":"https:\/\/tecfire.com\/es\/empresa-2-3\/","title":{"rendered":"Empresa"},"content":{"rendered":"","protected":false},"excerpt":{"rendered":"","protected":false},"author":11,"featured_media":0,"parent":0,"menu_order":64,"comment_status":"closed","ping_status":"closed","template":"page-templates\/template-company.php","meta":{"nf_dc_page":"","footnotes":""},"class_list":["post-8990","page","type-page","status-publish","hentry"],"yoast_head":"<!-- This site is optimized with the Yoast SEO plugin v27.3 - https:\/\/yoast.com\/product\/yoast-seo-wordpress\/ -->\n<title>Empresa - Tecfire: Expertos en Sistemas de Protecci\u00f3n con Vidrio<\/title>\n<meta name=\"description\" content=\"Tecfire es una empresa l\u00edder en ingenier\u00eda, fabricaci\u00f3n y certificaci\u00f3n de Sistemas de Seguridad con Vidrio. \u00daltimos avances en investigaci\u00f3n.\" \/>\n<meta name=\"robots\" content=\"index, follow, max-snippet:-1, max-image-preview:large, max-video-preview:-1\" \/>\n<link rel=\"canonical\" href=\"https:\/\/tecfire.com\/es\/empresa-2-3\/\" \/>\n<meta property=\"og:locale\" content=\"es_ES\" \/>\n<meta property=\"og:type\" content=\"article\" \/>\n<meta property=\"og:title\" content=\"Empresa - Tecfire: Expertos en Sistemas de Protecci\u00f3n con Vidrio\" \/>\n<meta property=\"og:description\" content=\"Tecfire es una empresa l\u00edder en ingenier\u00eda, fabricaci\u00f3n y certificaci\u00f3n de Sistemas de Seguridad con Vidrio. \u00daltimos avances en investigaci\u00f3n.\" \/>\n<meta property=\"og:url\" content=\"https:\/\/tecfire.com\/es\/empresa-2-3\/\" \/>\n<meta property=\"og:site_name\" content=\"TECFIRE\" \/>\n<meta property=\"article:modified_time\" content=\"2019-10-09T07:51:14+00:00\" \/>\n<meta name=\"twitter:card\" content=\"summary_large_image\" \/>\n<script type=\"application\/ld+json\" class=\"yoast-schema-graph\">{\"@context\":\"https:\\\/\\\/schema.org\",\"@graph\":[{\"@type\":\"WebPage\",\"@id\":\"https:\\\/\\\/tecfire.com\\\/es\\\/empresa-2-3\\\/\",\"url\":\"https:\\\/\\\/tecfire.com\\\/es\\\/empresa-2-3\\\/\",\"name\":\"Empresa - Tecfire: Expertos en Sistemas de Protecci\u00f3n con Vidrio\",\"isPartOf\":{\"@id\":\"https:\\\/\\\/tecfire.com\\\/#website\"},\"datePublished\":\"2019-07-03T19:58:13+00:00\",\"dateModified\":\"2019-10-09T07:51:14+00:00\",\"description\":\"Tecfire es una empresa l\u00edder en ingenier\u00eda, fabricaci\u00f3n y certificaci\u00f3n de Sistemas de Seguridad con Vidrio. \u00daltimos avances en investigaci\u00f3n.\",\"breadcrumb\":{\"@id\":\"https:\\\/\\\/tecfire.com\\\/es\\\/empresa-2-3\\\/#breadcrumb\"},\"inLanguage\":\"es\",\"potentialAction\":[{\"@type\":\"ReadAction\",\"target\":[\"https:\\\/\\\/tecfire.com\\\/es\\\/empresa-2-3\\\/\"]}]},{\"@type\":\"BreadcrumbList\",\"@id\":\"https:\\\/\\\/tecfire.com\\\/es\\\/empresa-2-3\\\/#breadcrumb\",\"itemListElement\":[{\"@type\":\"ListItem\",\"position\":1,\"name\":\"Home\",\"item\":\"https:\\\/\\\/tecfire.com\\\/es\\\/\"},{\"@type\":\"ListItem\",\"position\":2,\"name\":\"Empresa\"}]},{\"@type\":\"WebSite\",\"@id\":\"https:\\\/\\\/tecfire.com\\\/#website\",\"url\":\"https:\\\/\\\/tecfire.com\\\/\",\"name\":\"TECFIRE\",\"description\":\"Experts in Fire-Rated Glass Systems\",\"potentialAction\":[{\"@type\":\"SearchAction\",\"target\":{\"@type\":\"EntryPoint\",\"urlTemplate\":\"https:\\\/\\\/tecfire.com\\\/?s={search_term_string}\"},\"query-input\":{\"@type\":\"PropertyValueSpecification\",\"valueRequired\":true,\"valueName\":\"search_term_string\"}}],\"inLanguage\":\"es\"}]}<\/script>\n<!-- \/ Yoast SEO plugin. -->","yoast_head_json":{"title":"Empresa - Tecfire: Expertos en Sistemas de Protecci\u00f3n con Vidrio","description":"Tecfire es una empresa l\u00edder en ingenier\u00eda, fabricaci\u00f3n y certificaci\u00f3n de Sistemas de Seguridad con Vidrio. \u00daltimos avances en investigaci\u00f3n.","robots":{"index":"index","follow":"follow","max-snippet":"max-snippet:-1","max-image-preview":"max-image-preview:large","max-video-preview":"max-video-preview:-1"},"canonical":"https:\/\/tecfire.com\/es\/empresa-2-3\/","og_locale":"es_ES","og_type":"article","og_title":"Empresa - Tecfire: Expertos en Sistemas de Protecci\u00f3n con Vidrio","og_description":"Tecfire es una empresa l\u00edder en ingenier\u00eda, fabricaci\u00f3n y certificaci\u00f3n de Sistemas de Seguridad con Vidrio. \u00daltimos avances en investigaci\u00f3n.","og_url":"https:\/\/tecfire.com\/es\/empresa-2-3\/","og_site_name":"TECFIRE","article_modified_time":"2019-10-09T07:51:14+00:00","twitter_card":"summary_large_image","schema":{"@context":"https:\/\/schema.org","@graph":[{"@type":"WebPage","@id":"https:\/\/tecfire.com\/es\/empresa-2-3\/","url":"https:\/\/tecfire.com\/es\/empresa-2-3\/","name":"Empresa - Tecfire: Expertos en Sistemas de Protecci\u00f3n con Vidrio","isPartOf":{"@id":"https:\/\/tecfire.com\/#website"},"datePublished":"2019-07-03T19:58:13+00:00","dateModified":"2019-10-09T07:51:14+00:00","description":"Tecfire es una empresa l\u00edder en ingenier\u00eda, fabricaci\u00f3n y certificaci\u00f3n de Sistemas de Seguridad con Vidrio. \u00daltimos avances en investigaci\u00f3n.","breadcrumb":{"@id":"https:\/\/tecfire.com\/es\/empresa-2-3\/#breadcrumb"},"inLanguage":"es","potentialAction":[{"@type":"ReadAction","target":["https:\/\/tecfire.com\/es\/empresa-2-3\/"]}]},{"@type":"BreadcrumbList","@id":"https:\/\/tecfire.com\/es\/empresa-2-3\/#breadcrumb","itemListElement":[{"@type":"ListItem","position":1,"name":"Home","item":"https:\/\/tecfire.com\/es\/"},{"@type":"ListItem","position":2,"name":"Empresa"}]},{"@type":"WebSite","@id":"https:\/\/tecfire.com\/#website","url":"https:\/\/tecfire.com\/","name":"TECFIRE","description":"Experts in Fire-Rated Glass Systems","potentialAction":[{"@type":"SearchAction","target":{"@type":"EntryPoint","urlTemplate":"https:\/\/tecfire.com\/?s={search_term_string}"},"query-input":{"@type":"PropertyValueSpecification","valueRequired":true,"valueName":"search_term_string"}}],"inLanguage":"es"}]}},"_links":{"self":[{"href":"https:\/\/tecfire.com\/es\/wp-json\/wp\/v2\/pages\/8990","targetHints":{"allow":["GET"]}}],"collection":[{"href":"https:\/\/tecfire.com\/es\/wp-json\/wp\/v2\/pages"}],"about":[{"href":"https:\/\/tecfire.com\/es\/wp-json\/wp\/v2\/types\/page"}],"author":[{"embeddable":true,"href":"https:\/\/tecfire.com\/es\/wp-json\/wp\/v2\/users\/11"}],"replies":[{"embeddable":true,"href":"https:\/\/tecfire.com\/es\/wp-json\/wp\/v2\/comments?post=8990"}],"version-history":[{"count":0,"href":"https:\/\/tecfire.com\/es\/wp-json\/wp\/v2\/pages\/8990\/revisions"}],"wp:attachment":[{"href":"https:\/\/tecfire.com\/es\/wp-json\/wp\/v2\/media?parent=8990"}],"curies":[{"name":"wp","href":"https:\/\/api.w.org\/{rel}","templated":true}]}}