{"id":4220,"date":"2017-05-25T09:05:29","date_gmt":"2017-05-25T09:05:29","guid":{"rendered":"http:\/\/box5844.temp.domains\/~tecfires\/privacy-policy\/"},"modified":"2019-07-01T05:21:25","modified_gmt":"2019-07-01T05:21:25","slug":"politica-de-privacidad","status":"publish","type":"page","link":"https:\/\/tecfire.com\/es\/politica-de-privacidad\/","title":{"rendered":"Tecfire Pol\u00edtica de Privacidad"},"content":{"rendered":"<h1><strong>CONDICIONES GENERALES DE USO<\/strong><\/h1>\n<p>Los siguientes son los t\u00e9rminos generales que rigen el uso del sitio web, disponibles para los usuarios de Internet de forma gratuita. El uso del sitio web implica la aceptaci\u00f3n por parte del usuario de todas y cada una de las reglas que siguen, de modo que el usuario debe leerlas cada vez que intente usar el sitio web. Las solicitudes de informaci\u00f3n para determinados servicios implican la adquisici\u00f3n de datos personales. La informaci\u00f3n legal que se aplica a la adquisici\u00f3n de datos personales se encuentra en la secci\u00f3n Protecci\u00f3n de datos personales.<\/p>\n<p>TECFIRE MIDDLE EAST SL se reserva el derecho, sin previo aviso, de realizar las modificaciones que considere oportunas en relaci\u00f3n con la presentaci\u00f3n, configuraci\u00f3n, servicios, elementos, contenidos o condiciones requeridos para el uso del sitio web.<br \/>\nEl estado del usuario se genera autom\u00e1ticamente mediante el uso del sitio web, e implica la aceptaci\u00f3n de todas y cada una de las condiciones generales en la versi\u00f3n publicada por TECFIRE MIDDLE EAST SL, as\u00ed como las pol\u00edticas de privacidad y gesti\u00f3n de datos personales. El usuario debe leer atentamente las condiciones generales cada vez que acceda al sitio web. El uso del Servicio est\u00e1 sujeto a las notificaciones y reglamentaciones de uso e instrucciones transmitidas al usuario por TECFIRE MIDDLE EAST SL, a menos que se oponga a ellas. TECFIRE MIDDLE EAST SL se reserva el derecho de negar o retirar el acceso a su sitio web, en cualquier momento y sin previo aviso, de aquellos Usuarios que violen estas condiciones generales, o las condiciones espec\u00edficas que puedan aplicarse.<\/p>\n<p><strong>CONDICIONES DE ACCESO<\/strong><\/p>\n<p>El usuario accede a nuestro sitio web de buena fe y de conformidad con las normas de orden p\u00fablico, las presentes Condiciones Generales de Uso y las condiciones espec\u00edficas de uso que puedan ser aplicables. Nuestro sitio web se accede bajo la \u00fanica responsabilidad del usuario, que ser\u00e1 responsable en todos los casos por cualquier da\u00f1o o da\u00f1o causado a otros o hacia nosotros mismos.<\/p>\n<p>Se proh\u00edbe expresamente a los usuarios el uso y la obtenci\u00f3n de los servicios y contenidos ofrecidos en este sitio web por cualquier medio distinto de los establecidos en estas condiciones de uso y, en su caso, las condiciones contractuales que rigen la adquisici\u00f3n de determinados servicios.<\/p>\n<p><strong>COOKIES<\/strong><\/p>\n<p>Para facilitar la navegaci\u00f3n en nuestro sitio web, se pueden utilizar cookies. En consecuencia, el usuario acepta su uso y el uso del seguimiento de IP. El analizador de tr\u00e1fico del sitio web utiliza cookies y seguimiento de IP, lo que permite recopilar datos con fines estad\u00edsticos: la fecha de la primera visita, el n\u00famero de visitas, la fecha de la \u00faltima visita, la URL y el dominio de origen, el navegador utilizado y la resoluci\u00f3n de la pantalla. Sin embargo, si es necesario, los usuarios pueden deshabilitar y \/ o eliminar estas cookies siguiendo las instrucciones de su navegador de Internet. Las cookies nunca proporcionan los datos personales de los usuarios.<\/p>\n<p><strong>ENLACES, HIPERLINKS Y METATAGS<\/strong><\/p>\n<p>Este sitio web ofrece a los usuarios dispositivos t\u00e9cnicos (enlaces, banners, botones, motores de b\u00fasqueda&#8230;), directorios y herramientas de b\u00fasqueda que permiten a los usuarios acceder a sitios web pertenecientes a terceros. Estos enlaces son \u00fanicamente para proporcionar a los usuarios acceso a otros contenidos e informaci\u00f3n disponible en Internet. TECFIRE MIDDLE EAST SL no debe ser considerado, como resultado, el editor de dicho contenido, ni tampoco lo ha examinado previamente, aprobado o monitoreado. Por lo tanto, el usuario debe tener cuidado al evaluar y utilizar la informaci\u00f3n, el contenido y los servicios que se encuentran en sitios enlazados. TECFIRE MIDDLE EAST SL no asume ninguna responsabilidad por los da\u00f1os y perjuicios de cualquier tipo que puedan surgir debido a la calidad, fiabilidad, exactitud, correcci\u00f3n, rendimiento, disponibilidad, accesibilidad, continuidad, legalidad, utilidad o cualquier otro aspecto de la informaci\u00f3n y servicios de dicho contenido.<\/p>\n<p>Cualquier tercero que tenga la intenci\u00f3n de crear un hiperv\u00ednculo a este sitio web debe tener la aprobaci\u00f3n previa por parte de TECFIRE MIDDLE EAST SL.<\/p>\n<p>La existencia de hiperv\u00ednculos en sitios web externos que permitan el acceso al nuestro no implica, en ning\u00fan caso, la existencia de una relaci\u00f3n comercial o comercial con el titular del sitio web en el que se ubica el hiperv\u00ednculo o la aceptaci\u00f3n de su contenido o servicios por TECFIRE MIDDLE EAST SL.<\/p>\n<p>Est\u00e1 prohibido el uso de nombres de marca o cualquier nombre de TECFIRE MIDDLE EAST SL para la optimizaci\u00f3n de motores de b\u00fasqueda, tanto a trav\u00e9s de su incorporaci\u00f3n, en c\u00f3digo, en p\u00e1ginas web o mediante palabras clave en banners.<\/p>\n<p><strong>PROTECCI\u00d3N PERSONAL DE DATOS:<\/strong><\/p>\n<p>Esta pol\u00edtica de privacidad ha sido compilada para servir mejor a aquellos que est\u00e1n preocupados por la forma en que su &#8220;Informaci\u00f3n Personal Identificable (&#8216;Personally Identifiable Information)&#8221; (PII) se est\u00e1 utilizando en l\u00ednea. La PII, tal como se describe en la ley de privacidad y seguridad de la informaci\u00f3n de los Estados Unidos, es informaci\u00f3n que puede usarse por s\u00ed sola o con otra informaci\u00f3n para identificar, contactar o localizar a una persona o para identificar a una persona en su contexto. Por favor lea nuestra pol\u00edtica de privacidad cuidadosamente para obtener una comprensi\u00f3n clara de c\u00f3mo recopilamos, usamos, protegemos o manejamos su Informaci\u00f3n de Identificaci\u00f3n Personal de acuerdo con nuestro sitio web.<\/p>\n<p><strong>\u00bfQu\u00e9 informaci\u00f3n personal recopilamos de las personas que visitan nuestro blog, sitio web o aplicaci\u00f3n?<\/strong><\/p>\n<p>Cuando ordene o se registre en nuestro sitio, seg\u00fan sea apropiado, se le puede pedir que ingrese su nombre, direcci\u00f3n de correo electr\u00f3nico, direcci\u00f3n postal, n\u00famero de tel\u00e9fono u otros detalles para ayudarle con su experiencia.<\/p>\n<p><strong>\u00bfCu\u00e1ndo recopilamos informaci\u00f3n?<\/strong><\/p>\n<p>Recopilamos informaci\u00f3n de usted cuando usted llena un formulario o ingresa informaci\u00f3n en nuestro sitio.<\/p>\n<p><strong>\u00bfC\u00f3mo usamos su informaci\u00f3n?<\/strong><\/p>\n<p>Podemos utilizar la informaci\u00f3n que recopilamos de usted cuando se registra, hace una compra, se inscribe en nuestro bolet\u00edn, responde a una encuesta o comunicaci\u00f3n de marketing, navega por el sitio web o usa ciertas otras caracter\u00edsticas del sitio de las siguientes maneras:<br \/>\n\u2022 Mejorar nuestro sitio web para poder servirle mejor.<br \/>\n\u2022 Para permitirnos brindarle un mejor servicio en respuesta a sus solicitudes de servicio al cliente.<br \/>\n\u2022 Administrar un concurso, promoci\u00f3n, encuesta u otra funci\u00f3n del sitio.<br \/>\n\u2022 Para enviar correos electr\u00f3nicos peri\u00f3dicos con respecto a su pedido u otros productos y servicios.<br \/>\n\u2022 Seguir con ellos despu\u00e9s de la correspondencia (chat en vivo, correo electr\u00f3nico o consultas telef\u00f3nicas)<\/p>\n<p><strong>\u00bfC\u00f3mo protegemos tu informaci\u00f3n?<\/strong><\/p>\n<p>No utilizamos escaneo de vulnerabilidades y \/ o escaneo a est\u00e1ndares PCI.<br \/>\nS\u00f3lo proporcionamos art\u00edculos e informaci\u00f3n. Nunca pedimos n\u00fameros de tarjetas de cr\u00e9dito.<br \/>\nNo utilizamos la exploraci\u00f3n de malware.<br \/>\nSu informaci\u00f3n personal est\u00e1 contenida detr\u00e1s de redes protegidas y s\u00f3lo es accesible por un n\u00famero limitado de personas que tienen derechos de acceso especiales a tales sistemas, y est\u00e1n obligados a mantener la informaci\u00f3n confidencial. Adem\u00e1s, toda la informaci\u00f3n confidencial \/ crediticia que suministra se cifra a trav\u00e9s de la tecnolog\u00eda Secure Socket Layer (SSL).<\/p>\n<p>Implementamos una variedad de medidas de seguridad cuando un usuario hace un pedido para mantener la seguridad de su informaci\u00f3n personal.<\/p>\n<p>Todas las transacciones se procesan a trav\u00e9s de un proveedor de puerta de enlace y no se almacenan o procesan en nuestros servidores.<\/p>\n<p><strong>\u00bfUtilizamos &#8220;cookies&#8221;?<\/strong><\/p>\n<p>S\u00ed. Las cookies son peque\u00f1os archivos que un sitio o su proveedor de servicios transfiere al disco duro de su computadora a trav\u00e9s de su navegador web (si lo permite) que permite a los sistemas del sitio o del proveedor de servicios reconocer su navegador y capturar y recordar determinada informaci\u00f3n. Por ejemplo, utilizamos cookies para ayudarnos a recordar y procesar los elementos de su carrito de compras. Tambi\u00e9n se utilizan para ayudarnos a entender sus preferencias en funci\u00f3n de la actividad del sitio anterior o actual, lo que nos permite ofrecerle servicios mejorados. Tambi\u00e9n usamos cookies para ayudarnos a compilar datos agregados sobre el tr\u00e1fico del sitio y la interacci\u00f3n del sitio para que podamos ofrecer mejores experiencias y herramientas en el futuro.<\/p>\n<p>Utilizamos cookies para:<br \/>\n\u2022 Ayudar a recordar y procesar los art\u00edculos en el carrito de la compra.<br \/>\n\u2022 Comprender y guardar las preferencias del usuario para futuras visitas.<\/p>\n<p>Puedes elegir que tu computadora te avise cada vez que se env\u00eda una cookie, o puedes optar por apagar todas las cookies. Esto se hace a trav\u00e9s de la configuraci\u00f3n del navegador. Dado que el navegador es un poco diferente, mira el Men\u00fa de ayuda de tu navegador para aprender la forma correcta de modificar tus cookies.<br \/>\nSi desactiva las cookies, es posible que algunas de las funciones que hacen que su sitio sea m\u00e1s eficiente no funcionen correctamente. No afectar\u00e1 la experiencia del usuario que haga que su sitio sea m\u00e1s eficiente y no funcione correctamente.<br \/>\nDivulgaci\u00f3n de terceros<br \/>\nNo vendemos, comercializamos o transferimos a terceros su Informaci\u00f3n de Identificaci\u00f3n Personal.<br \/>\nEnlaces de terceros.<br \/>\nNo incluimos ni ofrecemos productos o servicios de terceros en nuestro sitio web.<\/p>\n<p><strong>Google<\/strong><\/p>\n<p>Los requisitos de publicidad de Google pueden resumirse en los Principios de publicidad de Google. Se ponen en marcha para proporcionar una experiencia positiva para los usuarios. Https:\/\/support.google.com\/adwordspolicy\/answer\/1316548?hl=es<br \/>\nNo hemos habilitado Google AdSense en nuestro sitio, pero podemos hacerlo en el futuro.<\/p>\n<p><strong>Ley de protecci\u00f3n de la privacidad en l\u00ednea de California (CaIOPPA)<\/strong><\/p>\n<p>CalOPPA es la primera ley estatal de la naci\u00f3n que requiere que los sitios web comerciales y los servicios en l\u00ednea publiquen una pol\u00edtica de privacidad. El alcance de la ley se extiende mucho m\u00e1s all\u00e1 de California para requerir a cualquier persona o compa\u00f1\u00eda en los Estados Unidos (y concebiblemente el mundo) que opera sitios web recopilando informaci\u00f3n de identificaci\u00f3n personal de los consumidores de California para publicar una pol\u00edtica de privacidad en su p\u00e1gina web indicando exactamente la informaci\u00f3n que se recopila y aquellos Personas o empresas con las que se est\u00e1 compartiendo. &#8211; Ver m\u00e1s en: http:\/\/consumercal.org\/california-online-privacy-protection-act-caloppa\/#sthash.0FdRbT51.dpuf<\/p>\n<p>Seg\u00fan CalOPPA, estamos de acuerdo con lo siguiente:<br \/>\nLos usuarios pueden visitar nuestro sitio an\u00f3nimamente.<br \/>\nUna vez creada esta pol\u00edtica de privacidad, agregamos un enlace a ella en nuestra p\u00e1gina de inicio o, como m\u00ednimo, en la primera p\u00e1gina significativa despu\u00e9s de ingresar a nuestro sitio web.<br \/>\nNuestro enlace de Pol\u00edtica de Privacidad incluye la palabra &#8216;Privacidad&#8217; y se puede encontrar f\u00e1cilmente en la p\u00e1gina especificada anteriormente.<\/p>\n<p>Se le notificar\u00e1 cualquier cambio en la Pol\u00edtica de privacidad:<br \/>\n\u2022 En nuestra p\u00e1gina de Pol\u00edtica de Privacidad<br \/>\nPuede cambiar su informaci\u00f3n personal:<br \/>\n\u2022 Envi\u00e1ndonos un correo electr\u00f3nico<br \/>\n\u2022 Al llamarnos<br \/>\n\u2022 Ingresando a su cuenta<\/p>\n<p><strong>\u00bfC\u00f3mo maneja nuestro sitio las se\u00f1ales Do Not Track?<br \/>\n<\/strong><br \/>\nHonramos No rastreamos se\u00f1ales y no rastreamos, planta cookies o usamos publicidad cuando hay un mecanismo de exploraci\u00f3n de Rastreo No (DNT) en su lugar.<\/p>\n<p><strong>\u00bfNuestro sitio permite el seguimiento de comportamiento de terceros?<br \/>\n<\/strong><br \/>\nTambi\u00e9n es importante tener en cuenta que no permitimos el seguimiento de comportamiento de terceros<\/p>\n<p><strong>COPPA (Ley de Protecci\u00f3n de la Privacidad de Ni\u00f1os en L\u00ednea)<\/strong><\/p>\n<p>Cuando se trata de recolectar informaci\u00f3n personal de ni\u00f1os menores de 13 a\u00f1os, la Ley de Protecci\u00f3n de la Privacidad de los Ni\u00f1os en Internet (COPPA) pone a los padres en control. La Comisi\u00f3n Federal de Comercio, la agencia de protecci\u00f3n al consumidor de los Estados Unidos, hace cumplir la Regla COPPA, que especifica qu\u00e9 deben hacer los operadores de sitios web y servicios en l\u00ednea para proteger la privacidad y la seguridad de los ni\u00f1os en l\u00ednea.<br \/>\nNo espec\u00edficamente el mercado a los ni\u00f1os menores de 13 a\u00f1os de edad.<\/p>\n<p><strong>Pr\u00e1cticas justas de informaci\u00f3n<\/strong><\/p>\n<p>Los principios de pr\u00e1cticas de informaci\u00f3n justas forman la columna vertebral de la ley de privacidad en los Estados Unidos y los conceptos que incluyen han desempe\u00f1ado un papel importante en el desarrollo de leyes de protecci\u00f3n de datos en todo el mundo. Entender los Principios de Pr\u00e1ctica de Informaci\u00f3n Justa y c\u00f3mo deben ser implementados es fundamental para cumplir con las diversas leyes de privacidad que protegen la informaci\u00f3n personal.<br \/>\nPara estar en l\u00ednea con las Pr\u00e1cticas Justas de Informaci\u00f3n tomaremos la siguiente acci\u00f3n de respuesta, en caso de que se produzca una violaci\u00f3n de datos:<br \/>\nTe notificaremos por correo electr\u00f3nico<br \/>\n\u2022 Dentro de los 7 d\u00edas h\u00e1biles<\/p>\n<p>Tambi\u00e9n estamos de acuerdo con el Principio de Resarcimiento Individual que requiere que las personas tengan el derecho a ejercer legalmente derechos contra los recolectores de datos y procesadores que no cumplen con la ley. Este principio requiere no s\u00f3lo que los individuos tengan derechos ejecutables contra los usuarios de los datos, sino tambi\u00e9n que las personas recurran a tribunales u organismos gubernamentales para investigar y \/ o procesar el incumplimiento por parte de los procesadores de datos.<\/p>\n<p><strong>Ley CAN SPAM<\/strong><\/p>\n<p>La Ley CAN-SPAM es una ley que establece las reglas para el correo electr\u00f3nico comercial, establece los requisitos para los mensajes comerciales, da a los destinatarios el derecho a que se les deje de enviar mensajes de correo electr\u00f3nico y establece penas duras por violaciones.<br \/>\nRecopilamos su direcci\u00f3n de correo electr\u00f3nico para:<br \/>\n\u2022 Enviar informaci\u00f3n, responder a preguntas, y \/ o otras peticiones o preguntas<br \/>\n\u2022 Procesar \u00f3rdenes y enviar informaci\u00f3n y actualizaciones relativas a pedidos.<br \/>\n\u2022 Le env\u00eda informaci\u00f3n adicional relacionada con su producto y \/ o servicio<br \/>\n\u2022 Comercializar a nuestra lista de correo o continuar enviando correos electr\u00f3nicos a nuestros clientes despu\u00e9s de que la transacci\u00f3n original haya ocurrido.<\/p>\n<p>Para estar de acuerdo con CANSPAM, acordamos lo siguiente:<br \/>\n\u2022 No utilizar temas o direcciones de correo electr\u00f3nico falsos o enga\u00f1osos.<br \/>\n\u2022 Identificar el mensaje como un anuncio de alguna manera razonable.<br \/>\n\u2022 Incluya la direcci\u00f3n f\u00edsica de nuestro negocio o sede del sitio.<br \/>\n\u2022 Monitorear los servicios de marketing por correo electr\u00f3nico de terceros para el cumplimiento, si se utiliza uno.<br \/>\n\u2022 Honrar las solicitudes de exclusi\u00f3n \/ cancelaci\u00f3n de la suscripci\u00f3n r\u00e1pidamente.<br \/>\n\u2022 Permita que los usuarios se den de baja mediante el enlace al final de cada correo electr\u00f3nico.<\/p>\n<p>Si en cualquier momento desea cancelar la suscripci\u00f3n de recibir correos electr\u00f3nicos futuros, puede enviarnos un correo electr\u00f3nico a<br \/>\nInfo@tecfires.com y lo removeremos de inmediato de TODA la correspondencia.<\/p>\n<p><strong>Cont\u00e1ctenos<\/strong><\/p>\n<p>Si hay alguna pregunta relacionada con esta pol\u00edtica de privacidad, puede ponerse en contacto con nosotros mediante la siguiente informaci\u00f3n.<br \/>\nwww.tecfires.com<br \/>\nDubai Silicon Oasis, B-Wing, 507-508<br \/>\nDubai, 341012<br \/>\nUnited Arab Emirates<br \/>\ninfo@tecfires.com<br \/>\n+97143724480<\/p>\n<p>\u00daltima edici\u00f3n el July 1, 2019<\/p>\n","protected":false},"excerpt":{"rendered":"<p>CONDICIONES GENERALES DE USO Los siguientes son los t\u00e9rminos generales que rigen el uso del sitio web, disponibles para los usuarios de Internet de forma gratuita. El uso del sitio web implica la aceptaci\u00f3n por parte del usuario de todas y cada una de las reglas que siguen, de modo que el usuario debe leerlas [&hellip;]<\/p>\n","protected":false},"author":1,"featured_media":0,"parent":0,"menu_order":195,"comment_status":"closed","ping_status":"closed","template":"","meta":{"nf_dc_page":"","footnotes":""},"class_list":["post-4220","page","type-page","status-publish","hentry"],"yoast_head":"<!-- This site is optimized with the Yoast SEO plugin v27.3 - https:\/\/yoast.com\/product\/yoast-seo-wordpress\/ -->\n<title>Tecfire Pol\u00edtica de Privacidad - TECFIRE<\/title>\n<meta name=\"robots\" content=\"index, follow, max-snippet:-1, max-image-preview:large, max-video-preview:-1\" \/>\n<link rel=\"canonical\" href=\"https:\/\/tecfire.com\/es\/politica-de-privacidad\/\" \/>\n<meta property=\"og:locale\" content=\"es_ES\" \/>\n<meta property=\"og:type\" content=\"article\" \/>\n<meta property=\"og:title\" content=\"Tecfire Pol\u00edtica de Privacidad - TECFIRE\" \/>\n<meta property=\"og:description\" content=\"CONDICIONES GENERALES DE USO Los siguientes son los t\u00e9rminos generales que rigen el uso del sitio web, disponibles para los usuarios de Internet de forma gratuita. El uso del sitio web implica la aceptaci\u00f3n por parte del usuario de todas y cada una de las reglas que siguen, de modo que el usuario debe leerlas [&hellip;]\" \/>\n<meta property=\"og:url\" content=\"https:\/\/tecfire.com\/es\/politica-de-privacidad\/\" \/>\n<meta property=\"og:site_name\" content=\"TECFIRE\" \/>\n<meta property=\"article:modified_time\" content=\"2019-07-01T05:21:25+00:00\" \/>\n<meta name=\"twitter:card\" content=\"summary_large_image\" \/>\n<meta name=\"twitter:label1\" content=\"Tiempo de lectura\" \/>\n\t<meta name=\"twitter:data1\" content=\"13 minutos\" \/>\n<script type=\"application\/ld+json\" class=\"yoast-schema-graph\">{\"@context\":\"https:\\\/\\\/schema.org\",\"@graph\":[{\"@type\":\"WebPage\",\"@id\":\"https:\\\/\\\/tecfire.com\\\/es\\\/politica-de-privacidad\\\/\",\"url\":\"https:\\\/\\\/tecfire.com\\\/es\\\/politica-de-privacidad\\\/\",\"name\":\"Tecfire Pol\u00edtica de Privacidad - TECFIRE\",\"isPartOf\":{\"@id\":\"https:\\\/\\\/tecfire.com\\\/#website\"},\"datePublished\":\"2017-05-25T09:05:29+00:00\",\"dateModified\":\"2019-07-01T05:21:25+00:00\",\"breadcrumb\":{\"@id\":\"https:\\\/\\\/tecfire.com\\\/es\\\/politica-de-privacidad\\\/#breadcrumb\"},\"inLanguage\":\"es\",\"potentialAction\":[{\"@type\":\"ReadAction\",\"target\":[\"https:\\\/\\\/tecfire.com\\\/es\\\/politica-de-privacidad\\\/\"]}]},{\"@type\":\"BreadcrumbList\",\"@id\":\"https:\\\/\\\/tecfire.com\\\/es\\\/politica-de-privacidad\\\/#breadcrumb\",\"itemListElement\":[{\"@type\":\"ListItem\",\"position\":1,\"name\":\"Home\",\"item\":\"https:\\\/\\\/tecfire.com\\\/es\\\/\"},{\"@type\":\"ListItem\",\"position\":2,\"name\":\"Tecfire Pol\u00edtica de Privacidad\"}]},{\"@type\":\"WebSite\",\"@id\":\"https:\\\/\\\/tecfire.com\\\/#website\",\"url\":\"https:\\\/\\\/tecfire.com\\\/\",\"name\":\"TECFIRE\",\"description\":\"Experts in Fire-Rated Glass Systems\",\"potentialAction\":[{\"@type\":\"SearchAction\",\"target\":{\"@type\":\"EntryPoint\",\"urlTemplate\":\"https:\\\/\\\/tecfire.com\\\/?s={search_term_string}\"},\"query-input\":{\"@type\":\"PropertyValueSpecification\",\"valueRequired\":true,\"valueName\":\"search_term_string\"}}],\"inLanguage\":\"es\"}]}<\/script>\n<!-- \/ Yoast SEO plugin. -->","yoast_head_json":{"title":"Tecfire Pol\u00edtica de Privacidad - TECFIRE","robots":{"index":"index","follow":"follow","max-snippet":"max-snippet:-1","max-image-preview":"max-image-preview:large","max-video-preview":"max-video-preview:-1"},"canonical":"https:\/\/tecfire.com\/es\/politica-de-privacidad\/","og_locale":"es_ES","og_type":"article","og_title":"Tecfire Pol\u00edtica de Privacidad - TECFIRE","og_description":"CONDICIONES GENERALES DE USO Los siguientes son los t\u00e9rminos generales que rigen el uso del sitio web, disponibles para los usuarios de Internet de forma gratuita. El uso del sitio web implica la aceptaci\u00f3n por parte del usuario de todas y cada una de las reglas que siguen, de modo que el usuario debe leerlas [&hellip;]","og_url":"https:\/\/tecfire.com\/es\/politica-de-privacidad\/","og_site_name":"TECFIRE","article_modified_time":"2019-07-01T05:21:25+00:00","twitter_card":"summary_large_image","twitter_misc":{"Tiempo de lectura":"13 minutos"},"schema":{"@context":"https:\/\/schema.org","@graph":[{"@type":"WebPage","@id":"https:\/\/tecfire.com\/es\/politica-de-privacidad\/","url":"https:\/\/tecfire.com\/es\/politica-de-privacidad\/","name":"Tecfire Pol\u00edtica de Privacidad - TECFIRE","isPartOf":{"@id":"https:\/\/tecfire.com\/#website"},"datePublished":"2017-05-25T09:05:29+00:00","dateModified":"2019-07-01T05:21:25+00:00","breadcrumb":{"@id":"https:\/\/tecfire.com\/es\/politica-de-privacidad\/#breadcrumb"},"inLanguage":"es","potentialAction":[{"@type":"ReadAction","target":["https:\/\/tecfire.com\/es\/politica-de-privacidad\/"]}]},{"@type":"BreadcrumbList","@id":"https:\/\/tecfire.com\/es\/politica-de-privacidad\/#breadcrumb","itemListElement":[{"@type":"ListItem","position":1,"name":"Home","item":"https:\/\/tecfire.com\/es\/"},{"@type":"ListItem","position":2,"name":"Tecfire Pol\u00edtica de Privacidad"}]},{"@type":"WebSite","@id":"https:\/\/tecfire.com\/#website","url":"https:\/\/tecfire.com\/","name":"TECFIRE","description":"Experts in Fire-Rated Glass Systems","potentialAction":[{"@type":"SearchAction","target":{"@type":"EntryPoint","urlTemplate":"https:\/\/tecfire.com\/?s={search_term_string}"},"query-input":{"@type":"PropertyValueSpecification","valueRequired":true,"valueName":"search_term_string"}}],"inLanguage":"es"}]}},"_links":{"self":[{"href":"https:\/\/tecfire.com\/es\/wp-json\/wp\/v2\/pages\/4220","targetHints":{"allow":["GET"]}}],"collection":[{"href":"https:\/\/tecfire.com\/es\/wp-json\/wp\/v2\/pages"}],"about":[{"href":"https:\/\/tecfire.com\/es\/wp-json\/wp\/v2\/types\/page"}],"author":[{"embeddable":true,"href":"https:\/\/tecfire.com\/es\/wp-json\/wp\/v2\/users\/1"}],"replies":[{"embeddable":true,"href":"https:\/\/tecfire.com\/es\/wp-json\/wp\/v2\/comments?post=4220"}],"version-history":[{"count":0,"href":"https:\/\/tecfire.com\/es\/wp-json\/wp\/v2\/pages\/4220\/revisions"}],"wp:attachment":[{"href":"https:\/\/tecfire.com\/es\/wp-json\/wp\/v2\/media?parent=4220"}],"curies":[{"name":"wp","href":"https:\/\/api.w.org\/{rel}","templated":true}]}}