{"id":4197,"date":"2017-05-18T06:07:41","date_gmt":"2017-05-18T06:07:41","guid":{"rendered":"http:\/\/box5844.temp.domains\/~tecfires\/systems\/glazed-bullet-protection\/"},"modified":"2017-08-27T12:22:27","modified_gmt":"2017-08-27T12:22:27","slug":"proteccion-vidriada-anti-balas","status":"publish","type":"page","link":"https:\/\/tecfire.com\/es\/sistemas\/proteccion-vidriada-anti-balas\/","title":{"rendered":"Protecci\u00f3n Vidriada Anti-Balas"},"content":{"rendered":"<p>La Protecci\u00f3n Vidriada Anti-Balas (Serie TECGUARD-FB) es la nueva generaci\u00f3n de sistemas de vidrio de seguridad que satisfacen los requisitos de protecci\u00f3n contra el ataque de armas de fuego. Este tipo de sistemas est\u00e1n ensayados para clasificaciones desde FB1 hasta FB7.<\/p>\n","protected":false},"excerpt":{"rendered":"<p>La Protecci\u00f3n Vidriada Anti-Balas (Serie TECGUARD-FB) es la nueva generaci\u00f3n de sistemas de vidrio de seguridad que satisfacen los requisitos de protecci\u00f3n contra el ataque de armas de fuego. Este tipo de sistemas est\u00e1n ensayados para clasificaciones desde FB1 hasta FB7.<\/p>\n","protected":false},"author":1,"featured_media":3901,"parent":4192,"menu_order":202,"comment_status":"closed","ping_status":"closed","template":"page-templates\/template-systems_bullet_protect.php","meta":{"nf_dc_page":"","footnotes":""},"class_list":["post-4197","page","type-page","status-publish","has-post-thumbnail","hentry"],"yoast_head":"<!-- This site is optimized with the Yoast SEO plugin v27.3 - https:\/\/yoast.com\/product\/yoast-seo-wordpress\/ -->\n<title>Protecci\u00f3n Vidriada Anti-Balas - Expertos en Vidrios Resistentes a las Balas<\/title>\n<meta name=\"description\" content=\"Tecfire: la nueva generaci\u00f3n de sistemas de vidrio de seguridad que satisfacen los requisitos de protecci\u00f3n contra el ataque de armas de fuego.\" \/>\n<meta name=\"robots\" content=\"index, follow, max-snippet:-1, max-image-preview:large, max-video-preview:-1\" \/>\n<link rel=\"canonical\" href=\"https:\/\/tecfire.com\/es\/sistemas\/proteccion-vidriada-anti-balas\/\" \/>\n<meta property=\"og:locale\" content=\"es_ES\" \/>\n<meta property=\"og:type\" content=\"article\" \/>\n<meta property=\"og:title\" content=\"Protecci\u00f3n Vidriada Anti-Balas - Expertos en Vidrios Resistentes a las Balas\" \/>\n<meta property=\"og:description\" content=\"Tecfire: la nueva generaci\u00f3n de sistemas de vidrio de seguridad que satisfacen los requisitos de protecci\u00f3n contra el ataque de armas de fuego.\" \/>\n<meta property=\"og:url\" content=\"https:\/\/tecfire.com\/es\/sistemas\/proteccion-vidriada-anti-balas\/\" \/>\n<meta property=\"og:site_name\" content=\"TECFIRE\" \/>\n<meta property=\"article:modified_time\" content=\"2017-08-27T12:22:27+00:00\" \/>\n<meta property=\"og:image\" content=\"https:\/\/tecfire.com\/wp-content\/uploads\/2017\/06\/BULLET-GOOD-1.jpg\" \/>\n\t<meta property=\"og:image:width\" content=\"745\" \/>\n\t<meta property=\"og:image:height\" content=\"1080\" \/>\n\t<meta property=\"og:image:type\" content=\"image\/jpeg\" \/>\n<meta name=\"twitter:card\" content=\"summary_large_image\" \/>\n<script type=\"application\/ld+json\" class=\"yoast-schema-graph\">{\"@context\":\"https:\\\/\\\/schema.org\",\"@graph\":[{\"@type\":\"WebPage\",\"@id\":\"https:\\\/\\\/tecfire.com\\\/es\\\/sistemas\\\/proteccion-vidriada-anti-balas\\\/\",\"url\":\"https:\\\/\\\/tecfire.com\\\/es\\\/sistemas\\\/proteccion-vidriada-anti-balas\\\/\",\"name\":\"Protecci\u00f3n Vidriada Anti-Balas - Expertos en Vidrios Resistentes a las Balas\",\"isPartOf\":{\"@id\":\"https:\\\/\\\/tecfire.com\\\/#website\"},\"primaryImageOfPage\":{\"@id\":\"https:\\\/\\\/tecfire.com\\\/es\\\/sistemas\\\/proteccion-vidriada-anti-balas\\\/#primaryimage\"},\"image\":{\"@id\":\"https:\\\/\\\/tecfire.com\\\/es\\\/sistemas\\\/proteccion-vidriada-anti-balas\\\/#primaryimage\"},\"thumbnailUrl\":\"https:\\\/\\\/tecfire.com\\\/wp-content\\\/uploads\\\/2017\\\/06\\\/BULLET-GOOD-1.jpg\",\"datePublished\":\"2017-05-18T06:07:41+00:00\",\"dateModified\":\"2017-08-27T12:22:27+00:00\",\"description\":\"Tecfire: la nueva generaci\u00f3n de sistemas de vidrio de seguridad que satisfacen los requisitos de protecci\u00f3n contra el ataque de armas de fuego.\",\"breadcrumb\":{\"@id\":\"https:\\\/\\\/tecfire.com\\\/es\\\/sistemas\\\/proteccion-vidriada-anti-balas\\\/#breadcrumb\"},\"inLanguage\":\"es\",\"potentialAction\":[{\"@type\":\"ReadAction\",\"target\":[\"https:\\\/\\\/tecfire.com\\\/es\\\/sistemas\\\/proteccion-vidriada-anti-balas\\\/\"]}]},{\"@type\":\"ImageObject\",\"inLanguage\":\"es\",\"@id\":\"https:\\\/\\\/tecfire.com\\\/es\\\/sistemas\\\/proteccion-vidriada-anti-balas\\\/#primaryimage\",\"url\":\"https:\\\/\\\/tecfire.com\\\/wp-content\\\/uploads\\\/2017\\\/06\\\/BULLET-GOOD-1.jpg\",\"contentUrl\":\"https:\\\/\\\/tecfire.com\\\/wp-content\\\/uploads\\\/2017\\\/06\\\/BULLET-GOOD-1.jpg\",\"width\":745,\"height\":1080},{\"@type\":\"BreadcrumbList\",\"@id\":\"https:\\\/\\\/tecfire.com\\\/es\\\/sistemas\\\/proteccion-vidriada-anti-balas\\\/#breadcrumb\",\"itemListElement\":[{\"@type\":\"ListItem\",\"position\":1,\"name\":\"Home\",\"item\":\"https:\\\/\\\/tecfire.com\\\/es\\\/\"},{\"@type\":\"ListItem\",\"position\":2,\"name\":\"Privado: Sistemas\",\"item\":\"https:\\\/\\\/tecfire.com\\\/es\\\/?page_id=4192\"},{\"@type\":\"ListItem\",\"position\":3,\"name\":\"Protecci\u00f3n Vidriada Anti-Balas\"}]},{\"@type\":\"WebSite\",\"@id\":\"https:\\\/\\\/tecfire.com\\\/#website\",\"url\":\"https:\\\/\\\/tecfire.com\\\/\",\"name\":\"TECFIRE\",\"description\":\"Experts in Fire-Rated Glass Systems\",\"potentialAction\":[{\"@type\":\"SearchAction\",\"target\":{\"@type\":\"EntryPoint\",\"urlTemplate\":\"https:\\\/\\\/tecfire.com\\\/?s={search_term_string}\"},\"query-input\":{\"@type\":\"PropertyValueSpecification\",\"valueRequired\":true,\"valueName\":\"search_term_string\"}}],\"inLanguage\":\"es\"}]}<\/script>\n<!-- \/ Yoast SEO plugin. -->","yoast_head_json":{"title":"Protecci\u00f3n Vidriada Anti-Balas - Expertos en Vidrios Resistentes a las Balas","description":"Tecfire: la nueva generaci\u00f3n de sistemas de vidrio de seguridad que satisfacen los requisitos de protecci\u00f3n contra el ataque de armas de fuego.","robots":{"index":"index","follow":"follow","max-snippet":"max-snippet:-1","max-image-preview":"max-image-preview:large","max-video-preview":"max-video-preview:-1"},"canonical":"https:\/\/tecfire.com\/es\/sistemas\/proteccion-vidriada-anti-balas\/","og_locale":"es_ES","og_type":"article","og_title":"Protecci\u00f3n Vidriada Anti-Balas - Expertos en Vidrios Resistentes a las Balas","og_description":"Tecfire: la nueva generaci\u00f3n de sistemas de vidrio de seguridad que satisfacen los requisitos de protecci\u00f3n contra el ataque de armas de fuego.","og_url":"https:\/\/tecfire.com\/es\/sistemas\/proteccion-vidriada-anti-balas\/","og_site_name":"TECFIRE","article_modified_time":"2017-08-27T12:22:27+00:00","og_image":[{"width":745,"height":1080,"url":"https:\/\/tecfire.com\/wp-content\/uploads\/2017\/06\/BULLET-GOOD-1.jpg","type":"image\/jpeg"}],"twitter_card":"summary_large_image","schema":{"@context":"https:\/\/schema.org","@graph":[{"@type":"WebPage","@id":"https:\/\/tecfire.com\/es\/sistemas\/proteccion-vidriada-anti-balas\/","url":"https:\/\/tecfire.com\/es\/sistemas\/proteccion-vidriada-anti-balas\/","name":"Protecci\u00f3n Vidriada Anti-Balas - Expertos en Vidrios Resistentes a las Balas","isPartOf":{"@id":"https:\/\/tecfire.com\/#website"},"primaryImageOfPage":{"@id":"https:\/\/tecfire.com\/es\/sistemas\/proteccion-vidriada-anti-balas\/#primaryimage"},"image":{"@id":"https:\/\/tecfire.com\/es\/sistemas\/proteccion-vidriada-anti-balas\/#primaryimage"},"thumbnailUrl":"https:\/\/tecfire.com\/wp-content\/uploads\/2017\/06\/BULLET-GOOD-1.jpg","datePublished":"2017-05-18T06:07:41+00:00","dateModified":"2017-08-27T12:22:27+00:00","description":"Tecfire: la nueva generaci\u00f3n de sistemas de vidrio de seguridad que satisfacen los requisitos de protecci\u00f3n contra el ataque de armas de fuego.","breadcrumb":{"@id":"https:\/\/tecfire.com\/es\/sistemas\/proteccion-vidriada-anti-balas\/#breadcrumb"},"inLanguage":"es","potentialAction":[{"@type":"ReadAction","target":["https:\/\/tecfire.com\/es\/sistemas\/proteccion-vidriada-anti-balas\/"]}]},{"@type":"ImageObject","inLanguage":"es","@id":"https:\/\/tecfire.com\/es\/sistemas\/proteccion-vidriada-anti-balas\/#primaryimage","url":"https:\/\/tecfire.com\/wp-content\/uploads\/2017\/06\/BULLET-GOOD-1.jpg","contentUrl":"https:\/\/tecfire.com\/wp-content\/uploads\/2017\/06\/BULLET-GOOD-1.jpg","width":745,"height":1080},{"@type":"BreadcrumbList","@id":"https:\/\/tecfire.com\/es\/sistemas\/proteccion-vidriada-anti-balas\/#breadcrumb","itemListElement":[{"@type":"ListItem","position":1,"name":"Home","item":"https:\/\/tecfire.com\/es\/"},{"@type":"ListItem","position":2,"name":"Privado: Sistemas","item":"https:\/\/tecfire.com\/es\/?page_id=4192"},{"@type":"ListItem","position":3,"name":"Protecci\u00f3n Vidriada Anti-Balas"}]},{"@type":"WebSite","@id":"https:\/\/tecfire.com\/#website","url":"https:\/\/tecfire.com\/","name":"TECFIRE","description":"Experts in Fire-Rated Glass Systems","potentialAction":[{"@type":"SearchAction","target":{"@type":"EntryPoint","urlTemplate":"https:\/\/tecfire.com\/?s={search_term_string}"},"query-input":{"@type":"PropertyValueSpecification","valueRequired":true,"valueName":"search_term_string"}}],"inLanguage":"es"}]}},"_links":{"self":[{"href":"https:\/\/tecfire.com\/es\/wp-json\/wp\/v2\/pages\/4197","targetHints":{"allow":["GET"]}}],"collection":[{"href":"https:\/\/tecfire.com\/es\/wp-json\/wp\/v2\/pages"}],"about":[{"href":"https:\/\/tecfire.com\/es\/wp-json\/wp\/v2\/types\/page"}],"author":[{"embeddable":true,"href":"https:\/\/tecfire.com\/es\/wp-json\/wp\/v2\/users\/1"}],"replies":[{"embeddable":true,"href":"https:\/\/tecfire.com\/es\/wp-json\/wp\/v2\/comments?post=4197"}],"version-history":[{"count":0,"href":"https:\/\/tecfire.com\/es\/wp-json\/wp\/v2\/pages\/4197\/revisions"}],"up":[{"embeddable":true,"href":"https:\/\/tecfire.com\/es\/wp-json\/wp\/v2\/pages\/4192"}],"wp:featuredmedia":[{"embeddable":true,"href":"https:\/\/tecfire.com\/es\/wp-json\/wp\/v2\/media\/3901"}],"wp:attachment":[{"href":"https:\/\/tecfire.com\/es\/wp-json\/wp\/v2\/media?parent=4197"}],"curies":[{"name":"wp","href":"https:\/\/api.w.org\/{rel}","templated":true}]}}