{"id":4176,"date":"2017-05-12T07:13:40","date_gmt":"2017-05-12T07:13:40","guid":{"rendered":"http:\/\/box5844.temp.domains\/~tecfires\/engineering\/"},"modified":"2021-10-14T23:53:43","modified_gmt":"2021-10-14T23:53:43","slug":"engineering","status":"publish","type":"page","link":"https:\/\/tecfire.com\/es\/engineering\/","title":{"rendered":"Ingenier\u00eda"},"content":{"rendered":"<p><strong>Tecfire es una empresa de ingenier\u00eda altamente especializada en el dise\u00f1o, fabricaci\u00f3n y certificaci\u00f3n de sistemas de seguridad con vidrio. <\/strong><\/p>\n","protected":false},"excerpt":{"rendered":"<p>Tecfire es una empresa de ingenier\u00eda altamente especializada en el dise\u00f1o, fabricaci\u00f3n y certificaci\u00f3n de sistemas de seguridad con vidrio.<\/p>\n","protected":false},"author":1,"featured_media":2669,"parent":0,"menu_order":95,"comment_status":"closed","ping_status":"closed","template":"page-templates\/template-engineering.php","meta":{"nf_dc_page":"","footnotes":""},"class_list":["post-4176","page","type-page","status-publish","has-post-thumbnail","hentry"],"yoast_head":"<!-- This site is optimized with the Yoast SEO plugin v27.3 - https:\/\/yoast.com\/product\/yoast-seo-wordpress\/ -->\n<title>Ingenier\u00eda - Tecfire: Expertos en Sistemas de Seguridad con Vidrio<\/title>\n<meta name=\"description\" content=\"Tecfire es una empresa altamente especializada en el dise\u00f1o, fabricaci\u00f3n y certificaci\u00f3n de Soluciones de Protecci\u00f3n con Vidrio a Medida.\" \/>\n<meta name=\"robots\" content=\"index, follow, max-snippet:-1, max-image-preview:large, max-video-preview:-1\" \/>\n<link rel=\"canonical\" href=\"https:\/\/tecfire.com\/es\/engineering\/\" \/>\n<meta property=\"og:locale\" content=\"es_ES\" \/>\n<meta property=\"og:type\" content=\"article\" \/>\n<meta property=\"og:title\" content=\"Ingenier\u00eda - Tecfire: Expertos en Sistemas de Seguridad con Vidrio\" \/>\n<meta property=\"og:description\" content=\"Tecfire es una empresa altamente especializada en el dise\u00f1o, fabricaci\u00f3n y certificaci\u00f3n de Soluciones de Protecci\u00f3n con Vidrio a Medida.\" \/>\n<meta property=\"og:url\" content=\"https:\/\/tecfire.com\/es\/engineering\/\" \/>\n<meta property=\"og:site_name\" content=\"TECFIRE\" \/>\n<meta property=\"article:modified_time\" content=\"2021-10-14T23:53:43+00:00\" \/>\n<meta property=\"og:image\" content=\"https:\/\/tecfire.com\/wp-content\/uploads\/2017\/05\/3-ENGINEERING-1024x875.png\" \/>\n\t<meta property=\"og:image:width\" content=\"1024\" \/>\n\t<meta property=\"og:image:height\" content=\"875\" \/>\n\t<meta property=\"og:image:type\" content=\"image\/png\" \/>\n<meta name=\"twitter:card\" content=\"summary_large_image\" \/>\n<script type=\"application\/ld+json\" class=\"yoast-schema-graph\">{\"@context\":\"https:\\\/\\\/schema.org\",\"@graph\":[{\"@type\":\"WebPage\",\"@id\":\"https:\\\/\\\/tecfire.com\\\/es\\\/engineering\\\/\",\"url\":\"https:\\\/\\\/tecfire.com\\\/es\\\/engineering\\\/\",\"name\":\"Ingenier\u00eda - Tecfire: Expertos en Sistemas de Seguridad con Vidrio\",\"isPartOf\":{\"@id\":\"https:\\\/\\\/tecfire.com\\\/#website\"},\"primaryImageOfPage\":{\"@id\":\"https:\\\/\\\/tecfire.com\\\/es\\\/engineering\\\/#primaryimage\"},\"image\":{\"@id\":\"https:\\\/\\\/tecfire.com\\\/es\\\/engineering\\\/#primaryimage\"},\"thumbnailUrl\":\"https:\\\/\\\/tecfire.com\\\/wp-content\\\/uploads\\\/2017\\\/05\\\/3-ENGINEERING.png\",\"datePublished\":\"2017-05-12T07:13:40+00:00\",\"dateModified\":\"2021-10-14T23:53:43+00:00\",\"description\":\"Tecfire es una empresa altamente especializada en el dise\u00f1o, fabricaci\u00f3n y certificaci\u00f3n de Soluciones de Protecci\u00f3n con Vidrio a Medida.\",\"breadcrumb\":{\"@id\":\"https:\\\/\\\/tecfire.com\\\/es\\\/engineering\\\/#breadcrumb\"},\"inLanguage\":\"es\",\"potentialAction\":[{\"@type\":\"ReadAction\",\"target\":[\"https:\\\/\\\/tecfire.com\\\/es\\\/engineering\\\/\"]}]},{\"@type\":\"ImageObject\",\"inLanguage\":\"es\",\"@id\":\"https:\\\/\\\/tecfire.com\\\/es\\\/engineering\\\/#primaryimage\",\"url\":\"https:\\\/\\\/tecfire.com\\\/wp-content\\\/uploads\\\/2017\\\/05\\\/3-ENGINEERING.png\",\"contentUrl\":\"https:\\\/\\\/tecfire.com\\\/wp-content\\\/uploads\\\/2017\\\/05\\\/3-ENGINEERING.png\",\"width\":3393,\"height\":2900},{\"@type\":\"BreadcrumbList\",\"@id\":\"https:\\\/\\\/tecfire.com\\\/es\\\/engineering\\\/#breadcrumb\",\"itemListElement\":[{\"@type\":\"ListItem\",\"position\":1,\"name\":\"Home\",\"item\":\"https:\\\/\\\/tecfire.com\\\/es\\\/\"},{\"@type\":\"ListItem\",\"position\":2,\"name\":\"Ingenier\u00eda\"}]},{\"@type\":\"WebSite\",\"@id\":\"https:\\\/\\\/tecfire.com\\\/#website\",\"url\":\"https:\\\/\\\/tecfire.com\\\/\",\"name\":\"TECFIRE\",\"description\":\"Experts in Fire-Rated Glass Systems\",\"potentialAction\":[{\"@type\":\"SearchAction\",\"target\":{\"@type\":\"EntryPoint\",\"urlTemplate\":\"https:\\\/\\\/tecfire.com\\\/?s={search_term_string}\"},\"query-input\":{\"@type\":\"PropertyValueSpecification\",\"valueRequired\":true,\"valueName\":\"search_term_string\"}}],\"inLanguage\":\"es\"}]}<\/script>\n<!-- \/ Yoast SEO plugin. -->","yoast_head_json":{"title":"Ingenier\u00eda - Tecfire: Expertos en Sistemas de Seguridad con Vidrio","description":"Tecfire es una empresa altamente especializada en el dise\u00f1o, fabricaci\u00f3n y certificaci\u00f3n de Soluciones de Protecci\u00f3n con Vidrio a Medida.","robots":{"index":"index","follow":"follow","max-snippet":"max-snippet:-1","max-image-preview":"max-image-preview:large","max-video-preview":"max-video-preview:-1"},"canonical":"https:\/\/tecfire.com\/es\/engineering\/","og_locale":"es_ES","og_type":"article","og_title":"Ingenier\u00eda - Tecfire: Expertos en Sistemas de Seguridad con Vidrio","og_description":"Tecfire es una empresa altamente especializada en el dise\u00f1o, fabricaci\u00f3n y certificaci\u00f3n de Soluciones de Protecci\u00f3n con Vidrio a Medida.","og_url":"https:\/\/tecfire.com\/es\/engineering\/","og_site_name":"TECFIRE","article_modified_time":"2021-10-14T23:53:43+00:00","og_image":[{"width":1024,"height":875,"url":"https:\/\/tecfire.com\/wp-content\/uploads\/2017\/05\/3-ENGINEERING-1024x875.png","type":"image\/png"}],"twitter_card":"summary_large_image","schema":{"@context":"https:\/\/schema.org","@graph":[{"@type":"WebPage","@id":"https:\/\/tecfire.com\/es\/engineering\/","url":"https:\/\/tecfire.com\/es\/engineering\/","name":"Ingenier\u00eda - Tecfire: Expertos en Sistemas de Seguridad con Vidrio","isPartOf":{"@id":"https:\/\/tecfire.com\/#website"},"primaryImageOfPage":{"@id":"https:\/\/tecfire.com\/es\/engineering\/#primaryimage"},"image":{"@id":"https:\/\/tecfire.com\/es\/engineering\/#primaryimage"},"thumbnailUrl":"https:\/\/tecfire.com\/wp-content\/uploads\/2017\/05\/3-ENGINEERING.png","datePublished":"2017-05-12T07:13:40+00:00","dateModified":"2021-10-14T23:53:43+00:00","description":"Tecfire es una empresa altamente especializada en el dise\u00f1o, fabricaci\u00f3n y certificaci\u00f3n de Soluciones de Protecci\u00f3n con Vidrio a Medida.","breadcrumb":{"@id":"https:\/\/tecfire.com\/es\/engineering\/#breadcrumb"},"inLanguage":"es","potentialAction":[{"@type":"ReadAction","target":["https:\/\/tecfire.com\/es\/engineering\/"]}]},{"@type":"ImageObject","inLanguage":"es","@id":"https:\/\/tecfire.com\/es\/engineering\/#primaryimage","url":"https:\/\/tecfire.com\/wp-content\/uploads\/2017\/05\/3-ENGINEERING.png","contentUrl":"https:\/\/tecfire.com\/wp-content\/uploads\/2017\/05\/3-ENGINEERING.png","width":3393,"height":2900},{"@type":"BreadcrumbList","@id":"https:\/\/tecfire.com\/es\/engineering\/#breadcrumb","itemListElement":[{"@type":"ListItem","position":1,"name":"Home","item":"https:\/\/tecfire.com\/es\/"},{"@type":"ListItem","position":2,"name":"Ingenier\u00eda"}]},{"@type":"WebSite","@id":"https:\/\/tecfire.com\/#website","url":"https:\/\/tecfire.com\/","name":"TECFIRE","description":"Experts in Fire-Rated Glass Systems","potentialAction":[{"@type":"SearchAction","target":{"@type":"EntryPoint","urlTemplate":"https:\/\/tecfire.com\/?s={search_term_string}"},"query-input":{"@type":"PropertyValueSpecification","valueRequired":true,"valueName":"search_term_string"}}],"inLanguage":"es"}]}},"_links":{"self":[{"href":"https:\/\/tecfire.com\/es\/wp-json\/wp\/v2\/pages\/4176","targetHints":{"allow":["GET"]}}],"collection":[{"href":"https:\/\/tecfire.com\/es\/wp-json\/wp\/v2\/pages"}],"about":[{"href":"https:\/\/tecfire.com\/es\/wp-json\/wp\/v2\/types\/page"}],"author":[{"embeddable":true,"href":"https:\/\/tecfire.com\/es\/wp-json\/wp\/v2\/users\/1"}],"replies":[{"embeddable":true,"href":"https:\/\/tecfire.com\/es\/wp-json\/wp\/v2\/comments?post=4176"}],"version-history":[{"count":0,"href":"https:\/\/tecfire.com\/es\/wp-json\/wp\/v2\/pages\/4176\/revisions"}],"wp:featuredmedia":[{"embeddable":true,"href":"https:\/\/tecfire.com\/es\/wp-json\/wp\/v2\/media\/2669"}],"wp:attachment":[{"href":"https:\/\/tecfire.com\/es\/wp-json\/wp\/v2\/media?parent=4176"}],"curies":[{"name":"wp","href":"https:\/\/api.w.org\/{rel}","templated":true}]}}