{"id":3048,"date":"2017-05-12T06:56:04","date_gmt":"2017-05-12T06:56:04","guid":{"rendered":"http:\/\/box5844.temp.domains\/~tecfires\/company\/cutting-edge-technology\/"},"modified":"2017-08-27T13:11:51","modified_gmt":"2017-08-27T13:11:51","slug":"tecnologia-de-vanguardia","status":"publish","type":"page","link":"https:\/\/tecfire.com\/es\/empresa-3\/tecnologia-de-vanguardia\/","title":{"rendered":"Tecnolog\u00eda de Vanguardia"},"content":{"rendered":"","protected":false},"excerpt":{"rendered":"","protected":false},"author":1,"featured_media":0,"parent":3000,"menu_order":82,"comment_status":"closed","ping_status":"closed","template":"page-templates\/template-company_technology.php","meta":{"nf_dc_page":"","footnotes":""},"class_list":["post-3048","page","type-page","status-publish","hentry"],"yoast_head":"<!-- This site is optimized with the Yoast SEO plugin v27.3 - https:\/\/yoast.com\/product\/yoast-seo-wordpress\/ -->\n<title>Tecfire: Tecnolog\u00eda de Vanguardia - Productos con la m\u00e1xima calidad<\/title>\n<meta name=\"description\" content=\"Tecfire cuenta con la m\u00e1s alta tecnolog\u00eda para los procesos de fabricaci\u00f3n de todos sus productos. Tecfire dise\u00f1a y certifica sus propios productos.\" \/>\n<meta name=\"robots\" content=\"index, follow, max-snippet:-1, max-image-preview:large, max-video-preview:-1\" \/>\n<link rel=\"canonical\" href=\"https:\/\/tecfire.com\/es\/empresa-3\/tecnologia-de-vanguardia\/\" \/>\n<meta property=\"og:locale\" content=\"es_ES\" \/>\n<meta property=\"og:type\" content=\"article\" \/>\n<meta property=\"og:title\" content=\"Tecfire: Tecnolog\u00eda de Vanguardia - Productos con la m\u00e1xima calidad\" \/>\n<meta property=\"og:description\" content=\"Tecfire cuenta con la m\u00e1s alta tecnolog\u00eda para los procesos de fabricaci\u00f3n de todos sus productos. Tecfire dise\u00f1a y certifica sus propios productos.\" \/>\n<meta property=\"og:url\" content=\"https:\/\/tecfire.com\/es\/empresa-3\/tecnologia-de-vanguardia\/\" \/>\n<meta property=\"og:site_name\" content=\"TECFIRE\" \/>\n<meta property=\"article:modified_time\" content=\"2017-08-27T13:11:51+00:00\" \/>\n<meta name=\"twitter:card\" content=\"summary_large_image\" \/>\n<script type=\"application\/ld+json\" class=\"yoast-schema-graph\">{\"@context\":\"https:\\\/\\\/schema.org\",\"@graph\":[{\"@type\":\"WebPage\",\"@id\":\"https:\\\/\\\/tecfire.com\\\/es\\\/empresa-3\\\/tecnologia-de-vanguardia\\\/\",\"url\":\"https:\\\/\\\/tecfire.com\\\/es\\\/empresa-3\\\/tecnologia-de-vanguardia\\\/\",\"name\":\"Tecfire: Tecnolog\u00eda de Vanguardia - Productos con la m\u00e1xima calidad\",\"isPartOf\":{\"@id\":\"https:\\\/\\\/tecfire.com\\\/#website\"},\"datePublished\":\"2017-05-12T06:56:04+00:00\",\"dateModified\":\"2017-08-27T13:11:51+00:00\",\"description\":\"Tecfire cuenta con la m\u00e1s alta tecnolog\u00eda para los procesos de fabricaci\u00f3n de todos sus productos. Tecfire dise\u00f1a y certifica sus propios productos.\",\"breadcrumb\":{\"@id\":\"https:\\\/\\\/tecfire.com\\\/es\\\/empresa-3\\\/tecnologia-de-vanguardia\\\/#breadcrumb\"},\"inLanguage\":\"es\",\"potentialAction\":[{\"@type\":\"ReadAction\",\"target\":[\"https:\\\/\\\/tecfire.com\\\/es\\\/empresa-3\\\/tecnologia-de-vanguardia\\\/\"]}]},{\"@type\":\"BreadcrumbList\",\"@id\":\"https:\\\/\\\/tecfire.com\\\/es\\\/empresa-3\\\/tecnologia-de-vanguardia\\\/#breadcrumb\",\"itemListElement\":[{\"@type\":\"ListItem\",\"position\":1,\"name\":\"Home\",\"item\":\"https:\\\/\\\/tecfire.com\\\/es\\\/\"},{\"@type\":\"ListItem\",\"position\":2,\"name\":\"Empresa\",\"item\":\"https:\\\/\\\/tecfire.com\\\/es\\\/empresa-3\\\/\"},{\"@type\":\"ListItem\",\"position\":3,\"name\":\"Tecnolog\u00eda de Vanguardia\"}]},{\"@type\":\"WebSite\",\"@id\":\"https:\\\/\\\/tecfire.com\\\/#website\",\"url\":\"https:\\\/\\\/tecfire.com\\\/\",\"name\":\"TECFIRE\",\"description\":\"Experts in Fire-Rated Glass Systems\",\"potentialAction\":[{\"@type\":\"SearchAction\",\"target\":{\"@type\":\"EntryPoint\",\"urlTemplate\":\"https:\\\/\\\/tecfire.com\\\/?s={search_term_string}\"},\"query-input\":{\"@type\":\"PropertyValueSpecification\",\"valueRequired\":true,\"valueName\":\"search_term_string\"}}],\"inLanguage\":\"es\"}]}<\/script>\n<!-- \/ Yoast SEO plugin. -->","yoast_head_json":{"title":"Tecfire: Tecnolog\u00eda de Vanguardia - Productos con la m\u00e1xima calidad","description":"Tecfire cuenta con la m\u00e1s alta tecnolog\u00eda para los procesos de fabricaci\u00f3n de todos sus productos. Tecfire dise\u00f1a y certifica sus propios productos.","robots":{"index":"index","follow":"follow","max-snippet":"max-snippet:-1","max-image-preview":"max-image-preview:large","max-video-preview":"max-video-preview:-1"},"canonical":"https:\/\/tecfire.com\/es\/empresa-3\/tecnologia-de-vanguardia\/","og_locale":"es_ES","og_type":"article","og_title":"Tecfire: Tecnolog\u00eda de Vanguardia - Productos con la m\u00e1xima calidad","og_description":"Tecfire cuenta con la m\u00e1s alta tecnolog\u00eda para los procesos de fabricaci\u00f3n de todos sus productos. Tecfire dise\u00f1a y certifica sus propios productos.","og_url":"https:\/\/tecfire.com\/es\/empresa-3\/tecnologia-de-vanguardia\/","og_site_name":"TECFIRE","article_modified_time":"2017-08-27T13:11:51+00:00","twitter_card":"summary_large_image","schema":{"@context":"https:\/\/schema.org","@graph":[{"@type":"WebPage","@id":"https:\/\/tecfire.com\/es\/empresa-3\/tecnologia-de-vanguardia\/","url":"https:\/\/tecfire.com\/es\/empresa-3\/tecnologia-de-vanguardia\/","name":"Tecfire: Tecnolog\u00eda de Vanguardia - Productos con la m\u00e1xima calidad","isPartOf":{"@id":"https:\/\/tecfire.com\/#website"},"datePublished":"2017-05-12T06:56:04+00:00","dateModified":"2017-08-27T13:11:51+00:00","description":"Tecfire cuenta con la m\u00e1s alta tecnolog\u00eda para los procesos de fabricaci\u00f3n de todos sus productos. Tecfire dise\u00f1a y certifica sus propios productos.","breadcrumb":{"@id":"https:\/\/tecfire.com\/es\/empresa-3\/tecnologia-de-vanguardia\/#breadcrumb"},"inLanguage":"es","potentialAction":[{"@type":"ReadAction","target":["https:\/\/tecfire.com\/es\/empresa-3\/tecnologia-de-vanguardia\/"]}]},{"@type":"BreadcrumbList","@id":"https:\/\/tecfire.com\/es\/empresa-3\/tecnologia-de-vanguardia\/#breadcrumb","itemListElement":[{"@type":"ListItem","position":1,"name":"Home","item":"https:\/\/tecfire.com\/es\/"},{"@type":"ListItem","position":2,"name":"Empresa","item":"https:\/\/tecfire.com\/es\/empresa-3\/"},{"@type":"ListItem","position":3,"name":"Tecnolog\u00eda de Vanguardia"}]},{"@type":"WebSite","@id":"https:\/\/tecfire.com\/#website","url":"https:\/\/tecfire.com\/","name":"TECFIRE","description":"Experts in Fire-Rated Glass Systems","potentialAction":[{"@type":"SearchAction","target":{"@type":"EntryPoint","urlTemplate":"https:\/\/tecfire.com\/?s={search_term_string}"},"query-input":{"@type":"PropertyValueSpecification","valueRequired":true,"valueName":"search_term_string"}}],"inLanguage":"es"}]}},"_links":{"self":[{"href":"https:\/\/tecfire.com\/es\/wp-json\/wp\/v2\/pages\/3048","targetHints":{"allow":["GET"]}}],"collection":[{"href":"https:\/\/tecfire.com\/es\/wp-json\/wp\/v2\/pages"}],"about":[{"href":"https:\/\/tecfire.com\/es\/wp-json\/wp\/v2\/types\/page"}],"author":[{"embeddable":true,"href":"https:\/\/tecfire.com\/es\/wp-json\/wp\/v2\/users\/1"}],"replies":[{"embeddable":true,"href":"https:\/\/tecfire.com\/es\/wp-json\/wp\/v2\/comments?post=3048"}],"version-history":[{"count":0,"href":"https:\/\/tecfire.com\/es\/wp-json\/wp\/v2\/pages\/3048\/revisions"}],"up":[{"embeddable":true,"href":"https:\/\/tecfire.com\/es\/wp-json\/wp\/v2\/pages\/3000"}],"wp:attachment":[{"href":"https:\/\/tecfire.com\/es\/wp-json\/wp\/v2\/media?parent=3048"}],"curies":[{"name":"wp","href":"https:\/\/api.w.org\/{rel}","templated":true}]}}