{"id":3046,"date":"2017-05-12T06:33:08","date_gmt":"2017-05-12T06:33:08","guid":{"rendered":"http:\/\/box5844.temp.domains\/~tecfires\/company\/corporate-values\/"},"modified":"2023-06-09T04:37:23","modified_gmt":"2023-06-09T04:37:23","slug":"valores-corporativos","status":"publish","type":"page","link":"https:\/\/tecfire.com\/es\/empresa-3\/valores-corporativos\/","title":{"rendered":"Valores Corporativos"},"content":{"rendered":"","protected":false},"excerpt":{"rendered":"","protected":false},"author":1,"featured_media":0,"parent":3000,"menu_order":76,"comment_status":"closed","ping_status":"closed","template":"page-templates\/template-company_values.php","meta":{"nf_dc_page":"","footnotes":""},"class_list":["post-3046","page","type-page","status-publish","hentry"],"yoast_head":"<!-- This site is optimized with the Yoast SEO plugin v27.3 - https:\/\/yoast.com\/product\/yoast-seo-wordpress\/ -->\n<title>Valores Corporativos de Tecfire - Fiabilidad, Experiencia &amp; Excelencia.<\/title>\n<meta name=\"description\" content=\"Know-How acumulado: profundo conocimiento t\u00e9cnico del producto y de sus aplicaciones &amp; alto grado de especializaci\u00f3n del departamento de ingenier\u00eda e I+D+i.\" \/>\n<meta name=\"robots\" content=\"index, follow, max-snippet:-1, max-image-preview:large, max-video-preview:-1\" \/>\n<link rel=\"canonical\" href=\"https:\/\/tecfire.com\/company\/corporate-values\/\" \/>\n<meta property=\"og:locale\" content=\"es_ES\" \/>\n<meta property=\"og:type\" content=\"article\" \/>\n<meta property=\"og:title\" content=\"Valores Corporativos de Tecfire - Fiabilidad, Experiencia &amp; Excelencia.\" \/>\n<meta property=\"og:description\" content=\"Know-How acumulado: profundo conocimiento t\u00e9cnico del producto y de sus aplicaciones &amp; alto grado de especializaci\u00f3n del departamento de ingenier\u00eda e I+D+i.\" \/>\n<meta property=\"og:url\" content=\"https:\/\/tecfire.com\/company\/corporate-values\/\" \/>\n<meta property=\"og:site_name\" content=\"TECFIRE\" \/>\n<meta property=\"article:modified_time\" content=\"2023-06-09T04:37:23+00:00\" \/>\n<meta name=\"twitter:card\" content=\"summary_large_image\" \/>\n<script type=\"application\/ld+json\" class=\"yoast-schema-graph\">{\"@context\":\"https:\\\/\\\/schema.org\",\"@graph\":[{\"@type\":\"WebPage\",\"@id\":\"https:\\\/\\\/tecfire.com\\\/company\\\/corporate-values\\\/\",\"url\":\"https:\\\/\\\/tecfire.com\\\/company\\\/corporate-values\\\/\",\"name\":\"Valores Corporativos de Tecfire - Fiabilidad, Experiencia & Excelencia.\",\"isPartOf\":{\"@id\":\"https:\\\/\\\/tecfire.com\\\/#website\"},\"datePublished\":\"2017-05-12T06:33:08+00:00\",\"dateModified\":\"2023-06-09T04:37:23+00:00\",\"description\":\"Know-How acumulado: profundo conocimiento t\u00e9cnico del producto y de sus aplicaciones & alto grado de especializaci\u00f3n del departamento de ingenier\u00eda e I+D+i.\",\"breadcrumb\":{\"@id\":\"https:\\\/\\\/tecfire.com\\\/company\\\/corporate-values\\\/#breadcrumb\"},\"inLanguage\":\"es\",\"potentialAction\":[{\"@type\":\"ReadAction\",\"target\":[\"https:\\\/\\\/tecfire.com\\\/company\\\/corporate-values\\\/\"]}]},{\"@type\":\"BreadcrumbList\",\"@id\":\"https:\\\/\\\/tecfire.com\\\/company\\\/corporate-values\\\/#breadcrumb\",\"itemListElement\":[{\"@type\":\"ListItem\",\"position\":1,\"name\":\"Home\",\"item\":\"https:\\\/\\\/tecfire.com\\\/es\\\/\"},{\"@type\":\"ListItem\",\"position\":2,\"name\":\"Empresa\",\"item\":\"https:\\\/\\\/tecfire.com\\\/es\\\/empresa-3\\\/\"},{\"@type\":\"ListItem\",\"position\":3,\"name\":\"Valores Corporativos\"}]},{\"@type\":\"WebSite\",\"@id\":\"https:\\\/\\\/tecfire.com\\\/#website\",\"url\":\"https:\\\/\\\/tecfire.com\\\/\",\"name\":\"TECFIRE\",\"description\":\"Experts in Fire-Rated Glass Systems\",\"potentialAction\":[{\"@type\":\"SearchAction\",\"target\":{\"@type\":\"EntryPoint\",\"urlTemplate\":\"https:\\\/\\\/tecfire.com\\\/?s={search_term_string}\"},\"query-input\":{\"@type\":\"PropertyValueSpecification\",\"valueRequired\":true,\"valueName\":\"search_term_string\"}}],\"inLanguage\":\"es\"}]}<\/script>\n<!-- \/ Yoast SEO plugin. -->","yoast_head_json":{"title":"Valores Corporativos de Tecfire - Fiabilidad, Experiencia & Excelencia.","description":"Know-How acumulado: profundo conocimiento t\u00e9cnico del producto y de sus aplicaciones & alto grado de especializaci\u00f3n del departamento de ingenier\u00eda e I+D+i.","robots":{"index":"index","follow":"follow","max-snippet":"max-snippet:-1","max-image-preview":"max-image-preview:large","max-video-preview":"max-video-preview:-1"},"canonical":"https:\/\/tecfire.com\/company\/corporate-values\/","og_locale":"es_ES","og_type":"article","og_title":"Valores Corporativos de Tecfire - Fiabilidad, Experiencia & Excelencia.","og_description":"Know-How acumulado: profundo conocimiento t\u00e9cnico del producto y de sus aplicaciones & alto grado de especializaci\u00f3n del departamento de ingenier\u00eda e I+D+i.","og_url":"https:\/\/tecfire.com\/company\/corporate-values\/","og_site_name":"TECFIRE","article_modified_time":"2023-06-09T04:37:23+00:00","twitter_card":"summary_large_image","schema":{"@context":"https:\/\/schema.org","@graph":[{"@type":"WebPage","@id":"https:\/\/tecfire.com\/company\/corporate-values\/","url":"https:\/\/tecfire.com\/company\/corporate-values\/","name":"Valores Corporativos de Tecfire - Fiabilidad, Experiencia & Excelencia.","isPartOf":{"@id":"https:\/\/tecfire.com\/#website"},"datePublished":"2017-05-12T06:33:08+00:00","dateModified":"2023-06-09T04:37:23+00:00","description":"Know-How acumulado: profundo conocimiento t\u00e9cnico del producto y de sus aplicaciones & alto grado de especializaci\u00f3n del departamento de ingenier\u00eda e I+D+i.","breadcrumb":{"@id":"https:\/\/tecfire.com\/company\/corporate-values\/#breadcrumb"},"inLanguage":"es","potentialAction":[{"@type":"ReadAction","target":["https:\/\/tecfire.com\/company\/corporate-values\/"]}]},{"@type":"BreadcrumbList","@id":"https:\/\/tecfire.com\/company\/corporate-values\/#breadcrumb","itemListElement":[{"@type":"ListItem","position":1,"name":"Home","item":"https:\/\/tecfire.com\/es\/"},{"@type":"ListItem","position":2,"name":"Empresa","item":"https:\/\/tecfire.com\/es\/empresa-3\/"},{"@type":"ListItem","position":3,"name":"Valores Corporativos"}]},{"@type":"WebSite","@id":"https:\/\/tecfire.com\/#website","url":"https:\/\/tecfire.com\/","name":"TECFIRE","description":"Experts in Fire-Rated Glass Systems","potentialAction":[{"@type":"SearchAction","target":{"@type":"EntryPoint","urlTemplate":"https:\/\/tecfire.com\/?s={search_term_string}"},"query-input":{"@type":"PropertyValueSpecification","valueRequired":true,"valueName":"search_term_string"}}],"inLanguage":"es"}]}},"_links":{"self":[{"href":"https:\/\/tecfire.com\/es\/wp-json\/wp\/v2\/pages\/3046","targetHints":{"allow":["GET"]}}],"collection":[{"href":"https:\/\/tecfire.com\/es\/wp-json\/wp\/v2\/pages"}],"about":[{"href":"https:\/\/tecfire.com\/es\/wp-json\/wp\/v2\/types\/page"}],"author":[{"embeddable":true,"href":"https:\/\/tecfire.com\/es\/wp-json\/wp\/v2\/users\/1"}],"replies":[{"embeddable":true,"href":"https:\/\/tecfire.com\/es\/wp-json\/wp\/v2\/comments?post=3046"}],"version-history":[{"count":0,"href":"https:\/\/tecfire.com\/es\/wp-json\/wp\/v2\/pages\/3046\/revisions"}],"up":[{"embeddable":true,"href":"https:\/\/tecfire.com\/es\/wp-json\/wp\/v2\/pages\/3000"}],"wp:attachment":[{"href":"https:\/\/tecfire.com\/es\/wp-json\/wp\/v2\/media?parent=3046"}],"curies":[{"name":"wp","href":"https:\/\/api.w.org\/{rel}","templated":true}]}}