{"id":2986,"date":"2017-05-11T09:44:39","date_gmt":"2017-05-11T09:44:39","guid":{"rendered":"http:\/\/box5844.temp.domains\/~tecfires\/home\/"},"modified":"2024-02-07T05:10:08","modified_gmt":"2024-02-07T05:10:08","slug":"home-2","status":"publish","type":"page","link":"https:\/\/tecfire.com\/es\/","title":{"rendered":"Home"},"content":{"rendered":"","protected":false},"excerpt":{"rendered":"","protected":false},"author":1,"featured_media":2728,"parent":0,"menu_order":108,"comment_status":"closed","ping_status":"closed","template":"page-templates\/home_landing_page.php","meta":{"nf_dc_page":"","footnotes":""},"class_list":["post-2986","page","type-page","status-publish","has-post-thumbnail","hentry"],"yoast_head":"<!-- This site is optimized with the Yoast SEO plugin v27.3 - https:\/\/yoast.com\/product\/yoast-seo-wordpress\/ -->\n<title>Tecfire \u2502 Especialistas en Sistemas Vidriados Cortafuegos<\/title>\n<meta name=\"description\" content=\"Pioneros y l\u00edderes en Espa\u00f1a. Fabricaci\u00f3n y homologaci\u00f3n propia de sistemas acristalados contra incendios. M\u00e1s de 5.000 obras realizadas nos avalan.\" \/>\n<meta name=\"robots\" content=\"index, follow, max-snippet:-1, max-image-preview:large, max-video-preview:-1\" \/>\n<link rel=\"canonical\" href=\"https:\/\/tecfire.com\/es\/\" \/>\n<meta property=\"og:locale\" content=\"es_ES\" \/>\n<meta property=\"og:type\" content=\"article\" \/>\n<meta property=\"og:title\" content=\"Tecfire \u2502 Especialistas en Sistemas Vidriados Cortafuegos\" \/>\n<meta property=\"og:description\" content=\"Pioneros y l\u00edderes en Espa\u00f1a. Fabricaci\u00f3n y homologaci\u00f3n propia de sistemas acristalados contra incendios. M\u00e1s de 5.000 obras realizadas nos avalan.\" \/>\n<meta property=\"og:url\" content=\"https:\/\/tecfire.com\/es\/\" \/>\n<meta property=\"og:site_name\" content=\"TECFIRE\" \/>\n<meta property=\"article:modified_time\" content=\"2024-02-07T05:10:08+00:00\" \/>\n<meta property=\"og:image\" content=\"https:\/\/tecfire.com\/wp-content\/uploads\/2017\/05\/1-SYSTEMS-1-e1495971149987.jpg\" \/>\n\t<meta property=\"og:image:width\" content=\"600\" \/>\n\t<meta property=\"og:image:height\" content=\"600\" \/>\n\t<meta property=\"og:image:type\" content=\"image\/jpeg\" \/>\n<meta name=\"twitter:card\" content=\"summary_large_image\" \/>\n<script type=\"application\/ld+json\" class=\"yoast-schema-graph\">{\"@context\":\"https:\\\/\\\/schema.org\",\"@graph\":[{\"@type\":\"WebPage\",\"@id\":\"https:\\\/\\\/tecfire.com\\\/es\\\/\",\"url\":\"https:\\\/\\\/tecfire.com\\\/es\\\/\",\"name\":\"Tecfire \u2502 Especialistas en Sistemas Vidriados Cortafuegos\",\"isPartOf\":{\"@id\":\"https:\\\/\\\/tecfire.com\\\/#website\"},\"primaryImageOfPage\":{\"@id\":\"https:\\\/\\\/tecfire.com\\\/es\\\/#primaryimage\"},\"image\":{\"@id\":\"https:\\\/\\\/tecfire.com\\\/es\\\/#primaryimage\"},\"thumbnailUrl\":\"https:\\\/\\\/tecfire.com\\\/wp-content\\\/uploads\\\/2017\\\/05\\\/1-SYSTEMS-1-e1495971149987.jpg\",\"datePublished\":\"2017-05-11T09:44:39+00:00\",\"dateModified\":\"2024-02-07T05:10:08+00:00\",\"description\":\"Pioneros y l\u00edderes en Espa\u00f1a. Fabricaci\u00f3n y homologaci\u00f3n propia de sistemas acristalados contra incendios. M\u00e1s de 5.000 obras realizadas nos avalan.\",\"breadcrumb\":{\"@id\":\"https:\\\/\\\/tecfire.com\\\/es\\\/#breadcrumb\"},\"inLanguage\":\"es\",\"potentialAction\":[{\"@type\":\"ReadAction\",\"target\":[\"https:\\\/\\\/tecfire.com\\\/es\\\/\"]}]},{\"@type\":\"ImageObject\",\"inLanguage\":\"es\",\"@id\":\"https:\\\/\\\/tecfire.com\\\/es\\\/#primaryimage\",\"url\":\"https:\\\/\\\/tecfire.com\\\/wp-content\\\/uploads\\\/2017\\\/05\\\/1-SYSTEMS-1-e1495971149987.jpg\",\"contentUrl\":\"https:\\\/\\\/tecfire.com\\\/wp-content\\\/uploads\\\/2017\\\/05\\\/1-SYSTEMS-1-e1495971149987.jpg\",\"width\":600,\"height\":600},{\"@type\":\"BreadcrumbList\",\"@id\":\"https:\\\/\\\/tecfire.com\\\/es\\\/#breadcrumb\",\"itemListElement\":[{\"@type\":\"ListItem\",\"position\":1,\"name\":\"Home\",\"item\":\"https:\\\/\\\/tecfire.com\\\/es\\\/\"},{\"@type\":\"ListItem\",\"position\":2,\"name\":\"Home\"}]},{\"@type\":\"WebSite\",\"@id\":\"https:\\\/\\\/tecfire.com\\\/#website\",\"url\":\"https:\\\/\\\/tecfire.com\\\/\",\"name\":\"TECFIRE\",\"description\":\"Experts in Fire-Rated Glass Systems\",\"potentialAction\":[{\"@type\":\"SearchAction\",\"target\":{\"@type\":\"EntryPoint\",\"urlTemplate\":\"https:\\\/\\\/tecfire.com\\\/?s={search_term_string}\"},\"query-input\":{\"@type\":\"PropertyValueSpecification\",\"valueRequired\":true,\"valueName\":\"search_term_string\"}}],\"inLanguage\":\"es\"}]}<\/script>\n<!-- \/ Yoast SEO plugin. -->","yoast_head_json":{"title":"Tecfire \u2502 Especialistas en Sistemas Vidriados Cortafuegos","description":"Pioneros y l\u00edderes en Espa\u00f1a. Fabricaci\u00f3n y homologaci\u00f3n propia de sistemas acristalados contra incendios. M\u00e1s de 5.000 obras realizadas nos avalan.","robots":{"index":"index","follow":"follow","max-snippet":"max-snippet:-1","max-image-preview":"max-image-preview:large","max-video-preview":"max-video-preview:-1"},"canonical":"https:\/\/tecfire.com\/es\/","og_locale":"es_ES","og_type":"article","og_title":"Tecfire \u2502 Especialistas en Sistemas Vidriados Cortafuegos","og_description":"Pioneros y l\u00edderes en Espa\u00f1a. Fabricaci\u00f3n y homologaci\u00f3n propia de sistemas acristalados contra incendios. M\u00e1s de 5.000 obras realizadas nos avalan.","og_url":"https:\/\/tecfire.com\/es\/","og_site_name":"TECFIRE","article_modified_time":"2024-02-07T05:10:08+00:00","og_image":[{"width":600,"height":600,"url":"https:\/\/tecfire.com\/wp-content\/uploads\/2017\/05\/1-SYSTEMS-1-e1495971149987.jpg","type":"image\/jpeg"}],"twitter_card":"summary_large_image","schema":{"@context":"https:\/\/schema.org","@graph":[{"@type":"WebPage","@id":"https:\/\/tecfire.com\/es\/","url":"https:\/\/tecfire.com\/es\/","name":"Tecfire \u2502 Especialistas en Sistemas Vidriados Cortafuegos","isPartOf":{"@id":"https:\/\/tecfire.com\/#website"},"primaryImageOfPage":{"@id":"https:\/\/tecfire.com\/es\/#primaryimage"},"image":{"@id":"https:\/\/tecfire.com\/es\/#primaryimage"},"thumbnailUrl":"https:\/\/tecfire.com\/wp-content\/uploads\/2017\/05\/1-SYSTEMS-1-e1495971149987.jpg","datePublished":"2017-05-11T09:44:39+00:00","dateModified":"2024-02-07T05:10:08+00:00","description":"Pioneros y l\u00edderes en Espa\u00f1a. Fabricaci\u00f3n y homologaci\u00f3n propia de sistemas acristalados contra incendios. M\u00e1s de 5.000 obras realizadas nos avalan.","breadcrumb":{"@id":"https:\/\/tecfire.com\/es\/#breadcrumb"},"inLanguage":"es","potentialAction":[{"@type":"ReadAction","target":["https:\/\/tecfire.com\/es\/"]}]},{"@type":"ImageObject","inLanguage":"es","@id":"https:\/\/tecfire.com\/es\/#primaryimage","url":"https:\/\/tecfire.com\/wp-content\/uploads\/2017\/05\/1-SYSTEMS-1-e1495971149987.jpg","contentUrl":"https:\/\/tecfire.com\/wp-content\/uploads\/2017\/05\/1-SYSTEMS-1-e1495971149987.jpg","width":600,"height":600},{"@type":"BreadcrumbList","@id":"https:\/\/tecfire.com\/es\/#breadcrumb","itemListElement":[{"@type":"ListItem","position":1,"name":"Home","item":"https:\/\/tecfire.com\/es\/"},{"@type":"ListItem","position":2,"name":"Home"}]},{"@type":"WebSite","@id":"https:\/\/tecfire.com\/#website","url":"https:\/\/tecfire.com\/","name":"TECFIRE","description":"Experts in Fire-Rated Glass Systems","potentialAction":[{"@type":"SearchAction","target":{"@type":"EntryPoint","urlTemplate":"https:\/\/tecfire.com\/?s={search_term_string}"},"query-input":{"@type":"PropertyValueSpecification","valueRequired":true,"valueName":"search_term_string"}}],"inLanguage":"es"}]}},"_links":{"self":[{"href":"https:\/\/tecfire.com\/es\/wp-json\/wp\/v2\/pages\/2986","targetHints":{"allow":["GET"]}}],"collection":[{"href":"https:\/\/tecfire.com\/es\/wp-json\/wp\/v2\/pages"}],"about":[{"href":"https:\/\/tecfire.com\/es\/wp-json\/wp\/v2\/types\/page"}],"author":[{"embeddable":true,"href":"https:\/\/tecfire.com\/es\/wp-json\/wp\/v2\/users\/1"}],"replies":[{"embeddable":true,"href":"https:\/\/tecfire.com\/es\/wp-json\/wp\/v2\/comments?post=2986"}],"version-history":[{"count":1,"href":"https:\/\/tecfire.com\/es\/wp-json\/wp\/v2\/pages\/2986\/revisions"}],"predecessor-version":[{"id":17998,"href":"https:\/\/tecfire.com\/es\/wp-json\/wp\/v2\/pages\/2986\/revisions\/17998"}],"wp:featuredmedia":[{"embeddable":true,"href":"https:\/\/tecfire.com\/es\/wp-json\/wp\/v2\/media\/2728"}],"wp:attachment":[{"href":"https:\/\/tecfire.com\/es\/wp-json\/wp\/v2\/media?parent=2986"}],"curies":[{"name":"wp","href":"https:\/\/api.w.org\/{rel}","templated":true}]}}